{"id":166,"date":"2024-03-20T08:57:28","date_gmt":"2024-03-20T07:57:28","guid":{"rendered":"https:\/\/www.aquitheaterberlin.de\/?page_id=166"},"modified":"2024-08-22T17:10:50","modified_gmt":"2024-08-22T21:10:50","slug":"comunidad","status":"publish","type":"page","link":"https:\/\/www.aquitheaterberlin.de\/de\/comunidad\/","title":{"rendered":"Community"},"content":{"rendered":"<p>[et_pb_section fb_built=\u00bb1&#8243; _builder_version=\u00bb4.27.0&#8243; background_color=\u00bb#383838&#8243; background_image=\u00bbhttps:\/\/www.aquitheaterberlin.de\/wp-content\/uploads\/2024\/08\/image00020-scaled.jpeg\u00bb background_repeat=\u00bbrepeat\u00bb custom_padding=\u00bb252px||252px||true|false\u00bb bottom_divider_height=\u00bb66px\u00bb global_colors_info=\u00bb{}\u00bb][et_pb_row disabled_on=\u00bbon|on|on\u00bb _builder_version=\u00bb4.16&#8243; disabled=\u00bbon\u00bb global_colors_info=\u00bb{}\u00bb][et_pb_column type=\u00bb4_4&#8243; _builder_version=\u00bb4.16&#8243; custom_padding=\u00bb|||\u00bb global_colors_info=\u00bb{}\u00bb custom_padding__hover=\u00bb|||\u00bb][et_pb_text _builder_version=\u00bb4.16&#8243; text_font=\u00bbNunito||||||||\u00bb text_font_size=\u00bb15px\u00bb header_font=\u00bbPoppins|600||on|||||\u00bb header_text_align=\u00bbleft\u00bb header_text_color=\u00bb#ffffff\u00bb header_font_size=\u00bb14px\u00bb header_letter_spacing=\u00bb2px\u00bb header_line_height=\u00bb1.3em\u00bb header_font_size_tablet=\u00bb\u00bb header_font_size_phone=\u00bb14px\u00bb header_font_size_last_edited=\u00bbon|phone\u00bb global_colors_info=\u00bb{}\u00bb]<\/p>\n<h1>Lorem Ipsum Dolor<\/h1>\n<p>[\/et_pb_text][et_pb_text disabled_on=\u00bbon|on|on\u00bb _builder_version=\u00bb4.24.1&#8243; text_font=\u00bbRoboto Condensed|300|||||||\u00bb text_text_color=\u00bb#FFFFFF\u00bb text_font_size=\u00bb18px\u00bb text_line_height=\u00bb1.8em\u00bb max_width=\u00bb627px\u00bb custom_margin=\u00bb-10px||||false|false\u00bb custom_margin_tablet=\u00bb-20px||||false|false\u00bb custom_margin_phone=\u00bb-20px||||false|false\u00bb custom_margin_last_edited=\u00bbon|phone\u00bb disabled=\u00bbon\u00bb global_colors_info=\u00bb{}\u00bb]<\/p>\n<p><span>En AQUI, nuestra misi\u00f3n primordial es abordar temas tab\u00fa en nuestra sociedad, utilizando el arte como una poderosa herramienta transformadora. \u00a0Junto a nosotras podr\u00e1s encontrar:<\/span><\/p>\n<p>[\/et_pb_text][et_pb_button button_text=\u00bbVIEW MORE\u00bb button_alignment=\u00bbleft\u00bb _builder_version=\u00bb4.16&#8243; custom_button=\u00bbon\u00bb button_text_size=\u00bb14px\u00bb button_text_color=\u00bb#000000&#8243; button_bg_color=\u00bb#ffffff\u00bb button_border_width=\u00bb1px\u00bb button_border_color=\u00bb#ffffff\u00bb button_border_radius=\u00bb0px\u00bb button_letter_spacing=\u00bb1px\u00bb button_font=\u00bbPoppins|||on|||||\u00bb button_use_icon=\u00bboff\u00bb custom_margin=\u00bb||\u00bb custom_padding=\u00bb17px|30px|17px|30px|true|true\u00bb global_colors_info=\u00bb{}\u00bb button_bg_color__hover_enabled=\u00bbon\u00bb button_bg_color__hover=\u00bb#bfbfbf\u00bb button_letter_spacing__hover_enabled=\u00bbon\u00bb button_letter_spacing__hover=\u00bb2px\u00bb button_border_color__hover_enabled=\u00bbon\u00bb button_border_color__hover=\u00bb#bfbfbf\u00bb button_text_color__hover_enabled=\u00bbon\u00bb button_text_color__hover=\u00bb#474747&#8243;][\/et_pb_button][\/et_pb_column][\/et_pb_row][\/et_pb_section][et_pb_section fb_built=\u00bb1&#8243; _builder_version=\u00bb4.16&#8243; custom_padding=\u00bb80px|0px|80px|0px|true|false\u00bb global_colors_info=\u00bb{}\u00bb][et_pb_row column_structure=\u00bb2_5,3_5&#8243; use_custom_gutter=\u00bbon\u00bb gutter_width=\u00bb2&#8243; make_equal=\u00bbon\u00bb _builder_version=\u00bb4.16&#8243; width_tablet=\u00bb90%\u00bb width_phone=\u00bb90%\u00bb width_last_edited=\u00bboff|desktop\u00bb max_width_tablet=\u00bb90%\u00bb max_width_phone=\u00bb90%\u00bb max_width_last_edited=\u00bboff|desktop\u00bb custom_padding=\u00bb0px||5px||false|false\u00bb global_colors_info=\u00bb{}\u00bb][et_pb_column type=\u00bb2_5&#8243; _builder_version=\u00bb4.16&#8243; global_colors_info=\u00bb{}\u00bb][et_pb_text _builder_version=\u00bb4.27.0&#8243; text_font=\u00bbRoboto Condensed|700|||||||\u00bb text_text_color=\u00bb#ffffff\u00bb text_font_size=\u00bb12px\u00bb text_letter_spacing=\u00bb2px\u00bb text_line_height=\u00bb1em\u00bb background_color=\u00bb#891F69&#8243; text_orientation=\u00bbcenter\u00bb max_width=\u00bb190px\u00bb module_alignment=\u00bbleft\u00bb custom_padding=\u00bb14px||14px||true|false\u00bb text_text_align=\u00bbcenter\u00bb global_colors_info=\u00bb{}\u00bb]<\/p>\n<p>COMUNIDAD<\/p>\n<p>[\/et_pb_text][et_pb_text _builder_version=\u00bb4.27.0&#8243; header_font=\u00bbRoboto Condensed|700|||||||\u00bb header_text_align=\u00bbleft\u00bb header_text_color=\u00bb#101010&#8243; header_font_size=\u00bb27px\u00bb header_line_height=\u00bb1.3em\u00bb custom_margin_tablet=\u00bb-10px||||false|false\u00bb custom_margin_phone=\u00bb-10px||||false|false\u00bb custom_margin_last_edited=\u00bbon|desktop\u00bb header_font_size_tablet=\u00bb\u00bb header_font_size_phone=\u00bb30px\u00bb header_font_size_last_edited=\u00bbon|desktop\u00bb global_colors_info=\u00bb{}\u00bb]<\/p>\n<h1>SE PARTE DE NUESTRA COMUNIDAD:<\/h1>\n<p>[\/et_pb_text][\/et_pb_column][et_pb_column type=\u00bb3_5&#8243; _builder_version=\u00bb4.16&#8243; global_colors_info=\u00bb{}\u00bb][\/et_pb_column][\/et_pb_row][et_pb_row _builder_version=\u00bb4.16&#8243; custom_padding=\u00bb|0px||0px|false|false\u00bb hover_enabled=\u00bb0&#8243; global_colors_info=\u00bb{}\u00bb sticky_enabled=\u00bb0&#8243;][et_pb_column type=\u00bb4_4&#8243; _builder_version=\u00bb4.16&#8243; custom_padding=\u00bb|||\u00bb global_colors_info=\u00bb{}\u00bb custom_padding__hover=\u00bb|||\u00bb][et_pb_text _builder_version=\u00bb4.27.0&#8243; _module_preset=\u00bbdefault\u00bb text_font=\u00bbRoboto|300|||||||\u00bb text_text_color=\u00bb#3f3f3f\u00bb text_font_size=\u00bb16px\u00bb link_font=\u00bbRoboto|500|||||||\u00bb link_text_color=\u00bb#891F69&#8243; header_3_font=\u00bbRoboto||||||||\u00bb global_colors_info=\u00bb{}\u00bb]<\/p>\n<h3><strong>\u00bfQu\u00e9 es la comunidad AQUI?<\/strong><\/h3>\n<p>En AQUI, creamos una red de apoyo donde cada miembro es valioso. Creemos firmemente que la comunidad genera pertenencia y nos conecta con el territorio que habitamos. Aqu\u00ed podr\u00e1s adem\u00e1s compartir tus experiencias, tu negocio y m\u00e1s.<\/p>\n<h3><strong><span class=\"zn-fontweight\">\u00bfPara qui\u00e9n est\u00e1 pensada la comunidad? \u00a0<\/span><\/strong><\/h3>\n<p>Para todas las personas que hayan sido parte de nuestras actividades o que quieran estar al tanto de nuestras instancias. \u00a0 \u00a1\u00danete a nuestra comunidad y forma parte de algo incre\u00edble!<\/p>\n<h3><strong><span class=\"zn-fontweight\">\u00bfQu\u00e9 obtienes al unirte? \u00a0<\/span><\/strong><\/h3>\n<p>\u2022 Conexiones Significativas: Con\u00e9ctate con personas que comparten tus intereses y\/o biograf\u00edas. \u00a0<span><br \/><\/span>\u2022 Inspiraci\u00f3n: Insp\u00edrate a trav\u00e9s de nuestra comunidad, nuestras conversaciones y nuestros \u00fatiles consejos.<br \/>\u2022 Oportunidades de Negocio: Promociona tu emprendimiento a trav\u00e9s de una red activa y comprometida.<br \/>\u2022 Eventos Exclusivos: \u00danete a nuestras actividades de encuentro semestrales.<\/p>\n<p><span class=\"zn-fontweight\">\u00a1As\u00ed te puedes sumar! \u00a0<\/span><br \/>\u00a1Es f\u00e1cil unirse! \u00a0<span><br \/><\/span>Tenemos un chat por whatsap y un grupo de Facebook. Solicita la entrada enviando un correo a <a href=\"mailto:info@aquitheaterberlin.de\">info@aquitheaterberlin.de<\/a><\/p>\n<p>\u00a1Estamos emocionadas de conocerte y construir juntxs una comunidad m\u00e1s s\u00f3lida!<\/p>\n<p>[\/et_pb_text][\/et_pb_column][\/et_pb_row][\/et_pb_section][et_pb_section fb_built=\u00bb1&#8243; _builder_version=\u00bb4.22.1&#8243; _module_preset=\u00bbdefault\u00bb background_color=\u00bb#FFFFFF\u00bb custom_margin=\u00bb0px||0px||false|false\u00bb custom_padding=\u00bb0px||0px||false|false\u00bb global_colors_info=\u00bb{}\u00bb][et_pb_row column_structure=\u00bb1_5,1_5,1_5,1_5,1_5&#8243; use_custom_gutter=\u00bbon\u00bb gutter_width=\u00bb1&#8243; make_equal=\u00bbon\u00bb _builder_version=\u00bb4.24.1&#8243; _module_preset=\u00bbdefault\u00bb background_color=\u00bb#272422&#8243; width=\u00bb100%\u00bb max_width=\u00bb100%\u00bb custom_margin=\u00bb0px||0px||false|false\u00bb custom_padding=\u00bb0px||0px||false|false\u00bb global_colors_info=\u00bb{}\u00bb][et_pb_column type=\u00bb1_5&#8243; _builder_version=\u00bb4.24.1&#8243; _module_preset=\u00bbdefault\u00bb background_image=\u00bbhttps:\/\/www.aquitheaterberlin.de\/wp-content\/uploads\/2024\/08\/IMG_0500-scaled.jpg\u00bb animation_style=\u00bbslide\u00bb animation_direction=\u00bbleft\u00bb animation_intensity_slide=\u00bb7%\u00bb animation_speed_curve=\u00bbease\u00bb global_colors_info=\u00bb{}\u00bb][et_pb_blurb use_icon=\u00bbon\u00bb font_icon=\u00bb&#xf16d;||fa||400&#8243; icon_color=\u00bb#FFFFFF\u00bb image_icon_width=\u00bb20px\u00bb _builder_version=\u00bb4.24.1&#8243; _module_preset=\u00bbdefault\u00bb use_background_color_gradient=\u00bbon\u00bb background_color_gradient_stops=\u00bbrgba(0,0,0,0.5) 0%|rgba(0,0,0,0.5) 100%\u00bb image_icon_custom_margin=\u00bb0px||0px||false|false\u00bb image_icon_custom_padding=\u00bb0px||0px||false|false\u00bb custom_margin=\u00bb0px||0px||false|false\u00bb custom_padding=\u00bb231px||231px||false|false\u00bb filter_opacity=\u00bb0%\u00bb animation=\u00bboff\u00bb link_option_url=\u00bb#\u00bb custom_css_blurb_image=\u00bbmargin-bottom:0px !important;\u00bb custom_css_blurb_content=\u00bbmargin:0px;\u00bb global_colors_info=\u00bb{}\u00bb filter_opacity__hover_enabled=\u00bbon|hover\u00bb filter_opacity__hover=\u00bb100%\u00bb][\/et_pb_blurb][\/et_pb_column][et_pb_column type=\u00bb1_5&#8243; _builder_version=\u00bb4.24.1&#8243; _module_preset=\u00bbdefault\u00bb background_image=\u00bbhttps:\/\/www.aquitheaterberlin.de\/wp-content\/uploads\/2024\/08\/IMG_4447-scaled.jpg\u00bb animation_style=\u00bbslide\u00bb animation_direction=\u00bbleft\u00bb animation_delay=\u00bb100ms\u00bb animation_intensity_slide=\u00bb7%\u00bb animation_speed_curve=\u00bbease\u00bb global_colors_info=\u00bb{}\u00bb][et_pb_blurb use_icon=\u00bbon\u00bb font_icon=\u00bb&#xf16d;||fa||400&#8243; icon_color=\u00bb#FFFFFF\u00bb image_icon_width=\u00bb20px\u00bb _builder_version=\u00bb4.23.1&#8243; _module_preset=\u00bbdefault\u00bb use_background_color_gradient=\u00bbon\u00bb background_color_gradient_stops=\u00bbrgba(0,0,0,0.5) 0%|rgba(0,0,0,0.5) 100%\u00bb image_icon_custom_margin=\u00bb0px||0px||false|false\u00bb image_icon_custom_padding=\u00bb0px||0px||false|false\u00bb custom_margin=\u00bb0px||0px||false|false\u00bb custom_padding=\u00bb231px||231px||false|false\u00bb filter_opacity=\u00bb0%\u00bb animation=\u00bboff\u00bb link_option_url=\u00bb#\u00bb custom_css_blurb_image=\u00bbmargin-bottom:0px !important;\u00bb custom_css_blurb_content=\u00bbmargin:0px;\u00bb global_colors_info=\u00bb{}\u00bb filter_opacity__hover_enabled=\u00bbon|hover\u00bb filter_opacity__hover=\u00bb100%\u00bb][\/et_pb_blurb][\/et_pb_column][et_pb_column type=\u00bb1_5&#8243; _builder_version=\u00bb4.24.1&#8243; _module_preset=\u00bbdefault\u00bb background_image=\u00bbhttps:\/\/www.aquitheaterberlin.de\/wp-content\/uploads\/2024\/08\/IMG_5215-1-scaled.jpg\u00bb animation_style=\u00bbslide\u00bb animation_direction=\u00bbleft\u00bb animation_delay=\u00bb200ms\u00bb animation_intensity_slide=\u00bb7%\u00bb animation_speed_curve=\u00bbease\u00bb global_colors_info=\u00bb{}\u00bb][et_pb_blurb use_icon=\u00bbon\u00bb font_icon=\u00bb&#xf16d;||fa||400&#8243; icon_color=\u00bb#FFFFFF\u00bb image_icon_width=\u00bb20px\u00bb _builder_version=\u00bb4.23.1&#8243; _module_preset=\u00bbdefault\u00bb use_background_color_gradient=\u00bbon\u00bb background_color_gradient_stops=\u00bbrgba(0,0,0,0.5) 0%|rgba(0,0,0,0.5) 100%\u00bb image_icon_custom_margin=\u00bb0px||0px||false|false\u00bb image_icon_custom_padding=\u00bb0px||0px||false|false\u00bb custom_margin=\u00bb0px||0px||false|false\u00bb custom_padding=\u00bb231px||231px||false|false\u00bb filter_opacity=\u00bb0%\u00bb animation=\u00bboff\u00bb link_option_url=\u00bb#\u00bb custom_css_blurb_image=\u00bbmargin-bottom:0px !important;\u00bb custom_css_blurb_content=\u00bbmargin:0px;\u00bb global_colors_info=\u00bb{}\u00bb filter_opacity__hover_enabled=\u00bbon|hover\u00bb filter_opacity__hover=\u00bb100%\u00bb][\/et_pb_blurb][\/et_pb_column][et_pb_column type=\u00bb1_5&#8243; _builder_version=\u00bb4.24.1&#8243; _module_preset=\u00bbdefault\u00bb background_image=\u00bbhttps:\/\/www.aquitheaterberlin.de\/wp-content\/uploads\/2024\/08\/IMG_6827-scaled.jpg\u00bb animation_style=\u00bbslide\u00bb animation_direction=\u00bbleft\u00bb animation_delay=\u00bb300ms\u00bb animation_intensity_slide=\u00bb7%\u00bb animation_speed_curve=\u00bbease\u00bb global_colors_info=\u00bb{}\u00bb][et_pb_blurb use_icon=\u00bbon\u00bb font_icon=\u00bb&#xf16d;||fa||400&#8243; icon_color=\u00bb#FFFFFF\u00bb image_icon_width=\u00bb20px\u00bb _builder_version=\u00bb4.23.1&#8243; _module_preset=\u00bbdefault\u00bb use_background_color_gradient=\u00bbon\u00bb background_color_gradient_stops=\u00bbrgba(0,0,0,0.5) 0%|rgba(0,0,0,0.5) 100%\u00bb image_icon_custom_margin=\u00bb0px||0px||false|false\u00bb image_icon_custom_padding=\u00bb0px||0px||false|false\u00bb custom_margin=\u00bb0px||0px||false|false\u00bb custom_padding=\u00bb231px||231px||false|false\u00bb filter_opacity=\u00bb0%\u00bb animation=\u00bboff\u00bb link_option_url=\u00bb#\u00bb custom_css_blurb_image=\u00bbmargin-bottom:0px !important;\u00bb custom_css_blurb_content=\u00bbmargin:0px;\u00bb global_colors_info=\u00bb{}\u00bb filter_opacity__hover_enabled=\u00bbon|hover\u00bb filter_opacity__hover=\u00bb100%\u00bb][\/et_pb_blurb][\/et_pb_column][et_pb_column type=\u00bb1_5&#8243; _builder_version=\u00bb4.24.1&#8243; _module_preset=\u00bbdefault\u00bb background_image=\u00bbhttps:\/\/www.aquitheaterberlin.de\/wp-content\/uploads\/2024\/08\/P1010375-scaled.jpg\u00bb animation_style=\u00bbslide\u00bb animation_direction=\u00bbleft\u00bb animation_delay=\u00bb400ms\u00bb animation_intensity_slide=\u00bb7%\u00bb animation_speed_curve=\u00bbease\u00bb global_colors_info=\u00bb{}\u00bb][et_pb_blurb use_icon=\u00bbon\u00bb font_icon=\u00bb&#xf16d;||fa||400&#8243; icon_color=\u00bb#FFFFFF\u00bb image_icon_width=\u00bb20px\u00bb _builder_version=\u00bb4.23.1&#8243; _module_preset=\u00bbdefault\u00bb use_background_color_gradient=\u00bbon\u00bb background_color_gradient_stops=\u00bbrgba(0,0,0,0.5) 0%|rgba(0,0,0,0.5) 100%\u00bb image_icon_custom_margin=\u00bb0px||0px||false|false\u00bb image_icon_custom_padding=\u00bb0px||0px||false|false\u00bb custom_margin=\u00bb0px||0px||false|false\u00bb custom_padding=\u00bb231px||231px||false|false\u00bb filter_opacity=\u00bb0%\u00bb animation=\u00bboff\u00bb link_option_url=\u00bb#\u00bb custom_css_blurb_image=\u00bbmargin-bottom:0px !important;\u00bb custom_css_blurb_content=\u00bbmargin:0px;\u00bb global_colors_info=\u00bb{}\u00bb filter_opacity__hover_enabled=\u00bbon|hover\u00bb filter_opacity__hover=\u00bb100%\u00bb][\/et_pb_blurb][\/et_pb_column][\/et_pb_row][\/et_pb_section]<\/p>\n","protected":false},"excerpt":{"rendered":"<p>Lorem Ipsum DolorEn AQUI, nuestra misi\u00f3n primordial es abordar temas tab\u00fa en nuestra sociedad, utilizando el arte como una poderosa herramienta transformadora. \u00a0Junto a nosotras podr\u00e1s encontrar:COMUNIDADSE PARTE DE NUESTRA COMUNIDAD:\u00bfQu\u00e9 es la comunidad AQUI? En AQUI, creamos una red de apoyo donde cada miembro es valioso. Creemos firmemente que la comunidad genera pertenencia y [&hellip;]<\/p>\n","protected":false},"author":1,"featured_media":0,"parent":0,"menu_order":0,"comment_status":"closed","ping_status":"closed","template":"","meta":{"_et_pb_use_builder":"on","_et_pb_old_content":"","_et_gb_content_width":"","footnotes":""},"class_list":["post-166","page","type-page","status-publish","hentry"],"_links":{"self":[{"href":"https:\/\/www.aquitheaterberlin.de\/de\/wp-json\/wp\/v2\/pages\/166","targetHints":{"allow":["GET"]}}],"collection":[{"href":"https:\/\/www.aquitheaterberlin.de\/de\/wp-json\/wp\/v2\/pages"}],"about":[{"href":"https:\/\/www.aquitheaterberlin.de\/de\/wp-json\/wp\/v2\/types\/page"}],"author":[{"embeddable":true,"href":"https:\/\/www.aquitheaterberlin.de\/de\/wp-json\/wp\/v2\/users\/1"}],"replies":[{"embeddable":true,"href":"https:\/\/www.aquitheaterberlin.de\/de\/wp-json\/wp\/v2\/comments?post=166"}],"version-history":[{"count":15,"href":"https:\/\/www.aquitheaterberlin.de\/de\/wp-json\/wp\/v2\/pages\/166\/revisions"}],"predecessor-version":[{"id":88853,"href":"https:\/\/www.aquitheaterberlin.de\/de\/wp-json\/wp\/v2\/pages\/166\/revisions\/88853"}],"wp:attachment":[{"href":"https:\/\/www.aquitheaterberlin.de\/de\/wp-json\/wp\/v2\/media?parent=166"}],"curies":[{"name":"wp","href":"https:\/\/api.w.org\/{rel}","templated":true}]}}