{"id":265,"date":"2024-04-11T10:02:34","date_gmt":"2024-04-11T08:02:34","guid":{"rendered":"https:\/\/www.aquitheaterberlin.de\/?page_id=265"},"modified":"2024-04-28T09:18:36","modified_gmt":"2024-04-28T13:18:36","slug":"proteccion-de-datos","status":"publish","type":"page","link":"https:\/\/www.aquitheaterberlin.de\/de\/proteccion-de-datos\/","title":{"rendered":"Protecci\u00f3n de datos"},"content":{"rendered":"<p>La utilizaci\u00f3n de nuestro sitio web por lo general es posible sin proporcionar datos personales. Sin embargo, si en nuestras p\u00e1ginas se recopilan datos personales (como nombre, direcci\u00f3n o direcciones de correo electr\u00f3nico), esto se hace de manera voluntaria en la medida de lo posible. Esta informaci\u00f3n no se divulgar\u00e1 a terceros sin su consentimiento expreso. Nos gustar\u00eda se\u00f1alar que la transmisi\u00f3n de datos a trav\u00e9s de Internet (por ejemplo, al comunicarse por correo electr\u00f3nico) puede tener lagunas de seguridad. No es posible garantizar una protecci\u00f3n completa de los datos contra el acceso por parte de terceros en todo momento. Se opone expresamente al uso de los datos de contacto publicados en el marco del aviso legal para el env\u00edo de materiales publicitarios y de informaci\u00f3n no solicitados. Los operadores de estas p\u00e1ginas se reservan expresamente el derecho de emprender acciones legales en caso de env\u00edo no solicitado de informaci\u00f3n publicitaria, como correos electr\u00f3nicos no deseados.<\/p>\n\n\n\n<p><strong>Plugins de redes sociales<\/strong><\/p>\n\n\n\n<p>En nuestros sitios web, integramos extensiones (plugins) de Facebook (Facebook Inc., 1601 South California Avenue, Palo Alto, CA 94304, EE. UU.) y del servicio Twitter (Twitter Inc., 1355 Market St, Suite 900, San Francisco, CA 94103, EE. UU.). Estas extensiones le permiten contactarnos de forma sencilla a trav\u00e9s de la plataforma correspondiente y mantenerse informado sobre nuevas acciones.\u00a0<\/p>\n\n\n\n<p>Plugin social de Facebook e Instagram. Agregamos extensiones de Facebook e Instagram (direcci\u00f3n: 1601 South California Avenue, Palo Alto, CA 94304, EE. UU.) en nuestros sitios web. Las extensiones se reconocen por el bot\u00f3n Me gusta o el logotipo de Facebook. Puede encontrar una descripci\u00f3n general aqu\u00ed:<a href=\"http:\/\/developers.facebook.com\/docs\/Plug-ins\/\">\u00a0http:\/\/developers.facebook.com\/docs\/Plug-ins\/<\/a>. Cuando visita uno de nuestros sitios web con el plugin de Facebook\/Instagram, se establece una conexi\u00f3n directa con Facebook\/Instagram. No tenemos influencia sobre el alcance de los datos que Facebook recopila, almacena y procesa en este proceso, pero podemos informarle seg\u00fan nuestro conocimiento actual. Facebook\/Instagram recibe informaci\u00f3n a trav\u00e9s del plugin de que ha visitado nuestro sitio web, incluso si no est\u00e1 registrado en Facebook. En este caso, existe la posibilidad de que Facebook guarde la direcci\u00f3n IP. Si ha iniciado sesi\u00f3n en Facebook\/Instagram, el acceso a una p\u00e1gina web con el plugin de Facebook\/Instagram puede asignarse claramente a su cuenta de usuario. Adem\u00e1s, los plugins transmiten todas las interacciones, como el uso del bot\u00f3n Me gusta o dejar comentarios. Para evitar que Facebook\/Instagram almacene datos sobre usted, cierre la sesi\u00f3n en Facebook antes de visitar nuestros sitios web. Adem\u00e1s, puede bloquear las extensiones con herramientas de bloqueo del navegador (por ejemplo, con \u00abFacebook Blocker\u00bb para Firefox, Chrome y Opera). Puede obtener m\u00e1s informaci\u00f3n sobre las pol\u00edticas de privacidad, el alcance y la finalidad de la recopilaci\u00f3n y el procesamiento de datos, as\u00ed como sobre las opciones de configuraci\u00f3n para proteger su privacidad en Facebook aqu\u00ed:<a href=\"http:\/\/www.facebook.com\/privacy\/explanation.php\">\u00a0http:\/\/www.facebook.com\/privacy\/explanation.php<\/a>.<\/p>\n\n\n\n<p><strong>Inclusi\u00f3n de v\u00eddeos de YouTube<\/strong><\/p>\n\n\n\n<p>En nuestras p\u00e1ginas integramos v\u00eddeos de YouTube. Los v\u00eddeos de YouTube se integran en el modo de privacidad avanzada de YouTube. Este modo bloquea la configuraci\u00f3n de cookies de YouTube hasta que hace clic en Reproducir. Al hacer clic en el bot\u00f3n de reproducci\u00f3n, usted acepta que YouTube coloque cookies en su dispositivo final. Estas cookies se pueden utilizar para analizar el comportamiento del usuario con fines de investigaci\u00f3n de mercado y marketing. Para obtener m\u00e1s informaci\u00f3n sobre el uso de cookies por parte de YouTube, consulte la pol\u00edtica de cookies de Google en<a href=\"https:\/\/policies.google.com\/technologies\/types?hl=es\">\u00a0<\/a><a href=\"https:\/\/policies.google.com\/technologies\/types?hl=es\">https:\/\/policies.google.com\/technologies\/types?hl=es<\/a>.<\/p>\n\n\n\n<p><strong>Inclusi\u00f3n de v\u00eddeos de Vimeo <\/strong><\/p>\n\n\n\n<p>Hemos integrado v\u00eddeos de Vimeo en nuestra oferta en l\u00ednea, que est\u00e1n alojados en http:\/\/www.Vimeo.com y que se pueden reproducir directamente desde nuestro sitio web. Todos los v\u00eddeos est\u00e1n incrustados en el \u00abmodo de privacidad avanzada\u00bb, lo que significa que no se transmiten datos sobre usted como usuario a Vimeo mientras no reproduzca los v\u00eddeos. Una vez que reproduce los v\u00eddeos, se transmiten los datos mencionados en el p\u00e1rrafo 2. No tenemos influencia sobre esta transmisi\u00f3n de datos. Al visitar nuestro sitio web, Vimeo recibe la informaci\u00f3n de que ha accedido a la subp\u00e1gina correspondiente de nuestro sitio web. Adem\u00e1s, se transmiten los datos mencionados en la secci\u00f3n 3 de esta declaraci\u00f3n. Esto sucede independientemente de si Vimeo proporciona una cuenta de usuario a trav\u00e9s de la cual est\u00e1 registrado o si no hay una cuenta de usuario. Vimeo almacena sus datos como perfiles de usuario y los utiliza para fines publicitarios, de investigaci\u00f3n de mercado y\/o para dise\u00f1ar su sitio web de manera orientada a las necesidades. Esta evaluaci\u00f3n se lleva a cabo en particular (incluso para usuarios no registrados) para proporcionar publicidad personalizada y para informar a otros usuarios de la red social sobre sus actividades en nuestro sitio web. Usted tiene derecho a oponerse a la creaci\u00f3n de estos perfiles de usuario, para lo cual debe comunicarse con Vimeo. Para obtener m\u00e1s informaci\u00f3n sobre el uso de cookies por parte de Vimeo, consulte https:\/\/vimeo.com\/cookie_policy, y puede leer sobre la protecci\u00f3n de datos en Vimeo en https:\/\/vimeo.com\/privacy. Tambi\u00e9n encontrar\u00e1 m\u00e1s informaci\u00f3n sobre sus derechos y opciones de configuraci\u00f3n para proteger su privacidad all\u00ed.<\/p>\n\n\n\n<p><\/p>","protected":false},"excerpt":{"rendered":"<p>La utilizaci\u00f3n de nuestro sitio web por lo general es posible sin proporcionar datos personales. Sin embargo, si en nuestras p\u00e1ginas se recopilan datos personales (como nombre, direcci\u00f3n o direcciones de correo electr\u00f3nico), esto se hace de manera voluntaria en la medida de lo posible. Esta informaci\u00f3n no se divulgar\u00e1 a terceros sin su consentimiento [&hellip;]<\/p>\n","protected":false},"author":1,"featured_media":0,"parent":0,"menu_order":0,"comment_status":"closed","ping_status":"closed","template":"","meta":{"_et_pb_use_builder":"","_et_pb_old_content":"","_et_gb_content_width":"","footnotes":""},"class_list":["post-265","page","type-page","status-publish","hentry"],"_links":{"self":[{"href":"https:\/\/www.aquitheaterberlin.de\/de\/wp-json\/wp\/v2\/pages\/265","targetHints":{"allow":["GET"]}}],"collection":[{"href":"https:\/\/www.aquitheaterberlin.de\/de\/wp-json\/wp\/v2\/pages"}],"about":[{"href":"https:\/\/www.aquitheaterberlin.de\/de\/wp-json\/wp\/v2\/types\/page"}],"author":[{"embeddable":true,"href":"https:\/\/www.aquitheaterberlin.de\/de\/wp-json\/wp\/v2\/users\/1"}],"replies":[{"embeddable":true,"href":"https:\/\/www.aquitheaterberlin.de\/de\/wp-json\/wp\/v2\/comments?post=265"}],"version-history":[{"count":3,"href":"https:\/\/www.aquitheaterberlin.de\/de\/wp-json\/wp\/v2\/pages\/265\/revisions"}],"predecessor-version":[{"id":628,"href":"https:\/\/www.aquitheaterberlin.de\/de\/wp-json\/wp\/v2\/pages\/265\/revisions\/628"}],"wp:attachment":[{"href":"https:\/\/www.aquitheaterberlin.de\/de\/wp-json\/wp\/v2\/media?parent=265"}],"curies":[{"name":"wp","href":"https:\/\/api.w.org\/{rel}","templated":true}]}}