{"id":88615,"date":"2024-08-15T08:29:31","date_gmt":"2024-08-15T12:29:31","guid":{"rendered":"https:\/\/www.aquitheaterberlin.de\/?page_id=88615"},"modified":"2024-08-22T13:29:23","modified_gmt":"2024-08-22T17:29:23","slug":"catalina-tello","status":"publish","type":"page","link":"https:\/\/www.aquitheaterberlin.de\/de\/catalina-tello\/","title":{"rendered":"Catalina Tello"},"content":{"rendered":"<p>[et_pb_section fb_built=\u00bb1&#8243; _builder_version=\u00bb4.27.0&#8243; _module_preset=\u00bbdefault\u00bb background_color=\u00bb#6894A2&#8243; custom_padding=\u00bb174px|||||\u00bb global_colors_info=\u00bb{}\u00bb theme_builder_area=\u00bbpost_content\u00bb][et_pb_row column_structure=\u00bb1_2,1_2&#8243; _builder_version=\u00bb4.27.0&#8243; _module_preset=\u00bbdefault\u00bb animation_style=\u00bbfade\u00bb global_colors_info=\u00bb{}\u00bb theme_builder_area=\u00bbpost_content\u00bb][et_pb_column type=\u00bb1_2&#8243; _builder_version=\u00bb4.27.0&#8243; _module_preset=\u00bbdefault\u00bb global_colors_info=\u00bb{}\u00bb theme_builder_area=\u00bbpost_content\u00bb][et_pb_text _builder_version=\u00bb4.24.1&#8243; _module_preset=\u00bbdefault\u00bb text_font=\u00bbRoboto|600|||||||\u00bb text_text_color=\u00bb#FFFFFF\u00bb text_font_size=\u00bb12px\u00bb text_letter_spacing=\u00bb2px\u00bb text_line_height=\u00bb1em\u00bb global_colors_info=\u00bb{}\u00bb theme_builder_area=\u00bbpost_content\u00bb]<\/p>\n<p><span>BAILARINA Y CORE\u00d3GRAFA<\/span><\/p>\n<p>[\/et_pb_text][et_pb_text _builder_version=\u00bb4.24.1&#8243; _module_preset=\u00bbdefault\u00bb header_3_font=\u00bbRoboto Condensed|700||on|||||\u00bb header_3_text_align=\u00bbleft\u00bb header_3_text_color=\u00bb#ffffff\u00bb header_3_font_size=\u00bb34px\u00bb header_3_letter_spacing=\u00bb-1px\u00bb header_3_line_height=\u00bb1.2em\u00bb custom_margin=\u00bb-5px||||false|false\u00bb custom_margin_tablet=\u00bb-15px||||false|false\u00bb custom_margin_phone=\u00bb-15px||||false|false\u00bb custom_margin_last_edited=\u00bbon|phone\u00bb header_3_font_size_tablet=\u00bb\u00bb header_3_font_size_phone=\u00bb30px\u00bb header_3_font_size_last_edited=\u00bbon|phone\u00bb global_colors_info=\u00bb{}\u00bb theme_builder_area=\u00bbpost_content\u00bb]<\/p>\n<h3><b>CATALINA TELLO<\/b><\/h3>\n<p>[\/et_pb_text][et_pb_text _builder_version=\u00bb4.24.1&#8243; _module_preset=\u00bbdefault\u00bb text_font=\u00bbRoboto|300|||||||\u00bb text_text_color=\u00bbrgba(255, 255, 255, 0.8);\u00bb text_font_size=\u00bb16px\u00bb text_line_height=\u00bb1.8em\u00bb custom_margin=\u00bb-6px||||false|false\u00bb global_colors_info=\u00bb{}\u00bb theme_builder_area=\u00bbpost_content\u00bb]Catalina es una bailarina y artista multidisciplinaria chilena radicada en Berl\u00edn. Estudi\u00f3 danza en la Universidad de Santiago de Chile (2008-2013), despu\u00e9s de graduarse trabaj\u00f3 en muchos proyectos art\u00edsticos en Chile, Uruguay, Colombia y Bolivia, como bailarina y artista de circo.<br \/>\nEn 2019 lleg\u00f3 a Alemania, desde entonces trabaja con la compa\u00f1\u00eda \u00abMara\u00f1a\u00bb como performer, y el a\u00f1o 2021 se suma al equipo de AQU\u00cd como core\u00f3grafa. Su investigaci\u00f3n art\u00edstica se enfoca en la conexi\u00f3n entre la danza y la astronom\u00eda. Ha desarrollado dos piezas de danza y acrobacia a\u00e9rea: \u00abUniverso Umane\u00bb y \u00abDunkler Ozean\u00bb.<br \/>\nEn AQUItheater se desarrolla como core\u00f3grafa y artista esc\u00e9nica. [\/et_pb_text][et_pb_social_media_follow _builder_version=\u00bb4.27.0&#8243; _module_preset=\u00bbdefault\u00bb hover_enabled=\u00bb0&#8243; global_colors_info=\u00bb{}\u00bb theme_builder_area=\u00bbpost_content\u00bb sticky_enabled=\u00bb0&#8243;][et_pb_social_media_follow_network social_network=\u00bbinstagram\u00bb url=\u00bbhttps:\/\/www.instagram.com\/cata_tello_a\/\u00bb _builder_version=\u00bb4.27.0&#8243; _module_preset=\u00bbdefault\u00bb background_color=\u00bb#891F69&#8243; background_enable_color=\u00bbon\u00bb hover_enabled=\u00bb0&#8243; global_colors_info=\u00bb{}\u00bb theme_builder_area=\u00bbpost_content\u00bb follow_button=\u00bboff\u00bb url_new_window=\u00bbon\u00bb sticky_enabled=\u00bb0&#8243;]instagram[\/et_pb_social_media_follow_network][\/et_pb_social_media_follow][\/et_pb_column][et_pb_column type=\u00bb1_2&#8243; _builder_version=\u00bb4.27.0&#8243; _module_preset=\u00bbdefault\u00bb global_colors_info=\u00bb{}\u00bb theme_builder_area=\u00bbpost_content\u00bb][wdcl_image_carousel slide_count=\u00bb1&#8243; _builder_version=\u00bb4.27.0&#8243; _module_preset=\u00bbdefault\u00bb hover_enabled=\u00bb0&#8243; global_colors_info=\u00bb{}\u00bb theme_builder_area=\u00bbpost_content\u00bb sticky_enabled=\u00bb0&#8243;][wdcl_image_carousel_child photo=\u00bbhttps:\/\/www.aquitheaterberlin.de\/wp-content\/uploads\/2024\/08\/Cata-Tello-1-scaled.jpg\u00bb _builder_version=\u00bb4.27.0&#8243; hover_enabled=\u00bb0&#8243; global_colors_info=\u00bb{}\u00bb theme_builder_area=\u00bbpost_content\u00bb title_text=\u00bbCata Tello 1&#8243; sticky_enabled=\u00bb0&#8243;][\/wdcl_image_carousel_child][wdcl_image_carousel_child photo=\u00bbhttps:\/\/www.aquitheaterberlin.de\/wp-content\/uploads\/2024\/08\/Catalina-Tello-scaled.jpg\u00bb _builder_version=\u00bb4.27.0&#8243; hover_enabled=\u00bb0&#8243; global_colors_info=\u00bb{}\u00bb theme_builder_area=\u00bbpost_content\u00bb title_text=\u00bbCatalina Tello\u00bb sticky_enabled=\u00bb0&#8243;][\/wdcl_image_carousel_child][\/wdcl_image_carousel][\/et_pb_column][\/et_pb_row][\/et_pb_section]<\/p>\n","protected":false},"excerpt":{"rendered":"<p>BAILARINA Y CORE\u00d3GRAFACATALINA TELLOCatalina es una bailarina y artista multidisciplinaria chilena radicada en Berl\u00edn. Estudi\u00f3 danza en la Universidad de Santiago de Chile (2008-2013), despu\u00e9s de graduarse trabaj\u00f3 en muchos proyectos art\u00edsticos en Chile, Uruguay, Colombia y Bolivia, como bailarina y artista de circo. En 2019 lleg\u00f3 a Alemania, desde entonces trabaja con la compa\u00f1\u00eda [&hellip;]<\/p>\n","protected":false},"author":1,"featured_media":0,"parent":0,"menu_order":0,"comment_status":"closed","ping_status":"closed","template":"","meta":{"_et_pb_use_builder":"on","_et_pb_old_content":"","_et_gb_content_width":"","footnotes":""},"class_list":["post-88615","page","type-page","status-publish","hentry"],"_links":{"self":[{"href":"https:\/\/www.aquitheaterberlin.de\/de\/wp-json\/wp\/v2\/pages\/88615","targetHints":{"allow":["GET"]}}],"collection":[{"href":"https:\/\/www.aquitheaterberlin.de\/de\/wp-json\/wp\/v2\/pages"}],"about":[{"href":"https:\/\/www.aquitheaterberlin.de\/de\/wp-json\/wp\/v2\/types\/page"}],"author":[{"embeddable":true,"href":"https:\/\/www.aquitheaterberlin.de\/de\/wp-json\/wp\/v2\/users\/1"}],"replies":[{"embeddable":true,"href":"https:\/\/www.aquitheaterberlin.de\/de\/wp-json\/wp\/v2\/comments?post=88615"}],"version-history":[{"count":5,"href":"https:\/\/www.aquitheaterberlin.de\/de\/wp-json\/wp\/v2\/pages\/88615\/revisions"}],"predecessor-version":[{"id":88823,"href":"https:\/\/www.aquitheaterberlin.de\/de\/wp-json\/wp\/v2\/pages\/88615\/revisions\/88823"}],"wp:attachment":[{"href":"https:\/\/www.aquitheaterberlin.de\/de\/wp-json\/wp\/v2\/media?parent=88615"}],"curies":[{"name":"wp","href":"https:\/\/api.w.org\/{rel}","templated":true}]}}