{"id":88631,"date":"2024-08-15T08:31:20","date_gmt":"2024-08-15T12:31:20","guid":{"rendered":"https:\/\/www.aquitheaterberlin.de\/?page_id=88631"},"modified":"2024-08-22T15:30:49","modified_gmt":"2024-08-22T19:30:49","slug":"sofia-puertas","status":"publish","type":"page","link":"https:\/\/www.aquitheaterberlin.de\/de\/sofia-puertas\/","title":{"rendered":"Sof\u00eda Puertas"},"content":{"rendered":"<p>[et_pb_section fb_built=\u00bb1&#8243; _builder_version=\u00bb4.27.0&#8243; _module_preset=\u00bbdefault\u00bb background_color=\u00bb#6894A2&#8243; custom_padding=\u00bb174px|||||\u00bb global_colors_info=\u00bb{}\u00bb][et_pb_row column_structure=\u00bb1_2,1_2&#8243; _builder_version=\u00bb4.27.0&#8243; _module_preset=\u00bbdefault\u00bb animation_style=\u00bbfade\u00bb global_colors_info=\u00bb{}\u00bb][et_pb_column type=\u00bb1_2&#8243; _builder_version=\u00bb4.27.0&#8243; _module_preset=\u00bbdefault\u00bb global_colors_info=\u00bb{}\u00bb][et_pb_text _builder_version=\u00bb4.24.1&#8243; _module_preset=\u00bbdefault\u00bb text_font=\u00bbRoboto|600|||||||\u00bb text_text_color=\u00bb#FFFFFF\u00bb text_font_size=\u00bb12px\u00bb text_letter_spacing=\u00bb2px\u00bb text_line_height=\u00bb1em\u00bb global_colors_info=\u00bb{}\u00bb]<\/p>\n<div class=\"flex-shrink-0 flex flex-col relative items-end\">\n<div class=\"pt-0\">\n<div class=\"gizmo-bot-avatar flex h-8 w-8 items-center justify-center overflow-hidden rounded-full\">\n<div class=\"relative p-1 rounded-sm flex items-center justify-center bg-token-main-surface-primary text-token-text-primary h-8 w-8\"><span>DISE\u00d1ADORA MUSICAL Y DOCENTE MUSICAL<\/span><\/div>\n<\/div>\n<\/div>\n<\/div>\n<p>[\/et_pb_text][et_pb_text _builder_version=\u00bb4.24.1&#8243; _module_preset=\u00bbdefault\u00bb header_3_font=\u00bbRoboto Condensed|700||on|||||\u00bb header_3_text_align=\u00bbleft\u00bb header_3_text_color=\u00bb#ffffff\u00bb header_3_font_size=\u00bb34px\u00bb header_3_letter_spacing=\u00bb-1px\u00bb header_3_line_height=\u00bb1.2em\u00bb custom_margin=\u00bb-5px||||false|false\u00bb custom_margin_tablet=\u00bb-15px||||false|false\u00bb custom_margin_phone=\u00bb-15px||||false|false\u00bb custom_margin_last_edited=\u00bbon|phone\u00bb header_3_font_size_tablet=\u00bb\u00bb header_3_font_size_phone=\u00bb30px\u00bb header_3_font_size_last_edited=\u00bbon|phone\u00bb global_colors_info=\u00bb{}\u00bb]<\/p>\n<h3><b>Sof\u00eda Puertas<\/b><\/h3>\n<p>[\/et_pb_text][et_pb_text _builder_version=\u00bb4.24.1&#8243; _module_preset=\u00bbdefault\u00bb text_font=\u00bbRoboto|300|||||||\u00bb text_text_color=\u00bbrgba(255, 255, 255, 0.8);\u00bb text_font_size=\u00bb16px\u00bb text_line_height=\u00bb1.8em\u00bb link_font=\u00bbRoboto||||||||\u00bb link_text_color=\u00bb#891F69&#8243; custom_margin=\u00bb-6px||||false|false\u00bb global_colors_info=\u00bb{}\u00bb]<\/p>\n<p><span style=\"font-weight: 400;\">Dj y dise\u00f1adora musical. Desde 2013 Sof\u00eda se mueve en la escena del Tekno en Berlin y en las islas Canarias. El a\u00f1o 2016 se suma a los proyectos de educaci\u00f3n art\u00edstica de AQU\u00cd, participando en distintos procesos creativos como \u00abMi Historia en Escena\u00bb, \u00abWir in Berlin\u00bb y \u00abMARTA\u00bb. En el 2020 se integra como\u00a0 dise\u00f1adora musical al equipo de AQU\u00cd, creando la m\u00fasica para diferentes obras y proyectos esc\u00e9nicos, entre ellas MARTA, Nosotras contra la violencia, Qu\u00e9 te mueve y El amor no es turismo. A trav\u00e9s de su trabajo busca crear justicia y feminismo en la escena. En la obra \u00abEl Amor no es Turismo\u00bb es la productora musical y hace la m\u00fasica live en el escenario.<\/span><\/p>\n<p><span style=\"font-weight: 400;\">En AQUItheater se desarrolla como dise\u00f1adora musical, pedagoga musical y como parte de la compa\u00f1\u00eda Ra\u00edces. <\/span><\/p>\n<p>[\/et_pb_text][\/et_pb_column][et_pb_column type=\u00bb1_2&#8243; _builder_version=\u00bb4.27.0&#8243; _module_preset=\u00bbdefault\u00bb global_colors_info=\u00bb{}\u00bb][wdcl_image_carousel slide_count=\u00bb1&#8243; _builder_version=\u00bb4.27.0&#8243; _module_preset=\u00bbdefault\u00bb global_colors_info=\u00bb{}\u00bb][wdcl_image_carousel_child photo=\u00bbhttps:\/\/www.aquitheaterberlin.de\/wp-content\/uploads\/2024\/04\/Sofia-Puertas-retrato.jpg\u00bb _builder_version=\u00bb4.27.0&#8243; global_colors_info=\u00bb{}\u00bb][\/wdcl_image_carousel_child][wdcl_image_carousel_child photo=\u00bbhttps:\/\/www.aquitheaterberlin.de\/wp-content\/uploads\/2024\/08\/Sofia-Puertas-Kunst-1-scaled.jpg\u00bb _builder_version=\u00bb4.27.0&#8243; global_colors_info=\u00bb{}\u00bb][\/wdcl_image_carousel_child][\/wdcl_image_carousel][\/et_pb_column][\/et_pb_row][\/et_pb_section]<\/p>\n","protected":false},"excerpt":{"rendered":"<p>DISE\u00d1ADORA MUSICAL Y DOCENTE MUSICAL Sof\u00eda PuertasDj y dise\u00f1adora musical. Desde 2013 Sof\u00eda se mueve en la escena del Tekno en Berlin y en las islas Canarias. El a\u00f1o 2016 se suma a los proyectos de educaci\u00f3n art\u00edstica de AQU\u00cd, participando en distintos procesos creativos como \u00abMi Historia en Escena\u00bb, \u00abWir in Berlin\u00bb y \u00abMARTA\u00bb. [&hellip;]<\/p>\n","protected":false},"author":1,"featured_media":0,"parent":0,"menu_order":0,"comment_status":"closed","ping_status":"closed","template":"","meta":{"_et_pb_use_builder":"on","_et_pb_old_content":"","_et_gb_content_width":"","footnotes":""},"class_list":["post-88631","page","type-page","status-publish","hentry"],"_links":{"self":[{"href":"https:\/\/www.aquitheaterberlin.de\/de\/wp-json\/wp\/v2\/pages\/88631","targetHints":{"allow":["GET"]}}],"collection":[{"href":"https:\/\/www.aquitheaterberlin.de\/de\/wp-json\/wp\/v2\/pages"}],"about":[{"href":"https:\/\/www.aquitheaterberlin.de\/de\/wp-json\/wp\/v2\/types\/page"}],"author":[{"embeddable":true,"href":"https:\/\/www.aquitheaterberlin.de\/de\/wp-json\/wp\/v2\/users\/1"}],"replies":[{"embeddable":true,"href":"https:\/\/www.aquitheaterberlin.de\/de\/wp-json\/wp\/v2\/comments?post=88631"}],"version-history":[{"count":7,"href":"https:\/\/www.aquitheaterberlin.de\/de\/wp-json\/wp\/v2\/pages\/88631\/revisions"}],"predecessor-version":[{"id":88835,"href":"https:\/\/www.aquitheaterberlin.de\/de\/wp-json\/wp\/v2\/pages\/88631\/revisions\/88835"}],"wp:attachment":[{"href":"https:\/\/www.aquitheaterberlin.de\/de\/wp-json\/wp\/v2\/media?parent=88631"}],"curies":[{"name":"wp","href":"https:\/\/api.w.org\/{rel}","templated":true}]}}