{"id":88638,"date":"2024-08-15T08:31:14","date_gmt":"2024-08-15T12:31:14","guid":{"rendered":"https:\/\/www.aquitheaterberlin.de\/?page_id=88638"},"modified":"2024-08-22T15:33:20","modified_gmt":"2024-08-22T19:33:20","slug":"sandra-feferbaum","status":"publish","type":"page","link":"https:\/\/www.aquitheaterberlin.de\/de\/sandra-feferbaum\/","title":{"rendered":"Sandra Feferbaum"},"content":{"rendered":"<p>[et_pb_section fb_built=\u00bb1&#8243; _builder_version=\u00bb4.27.0&#8243; _module_preset=\u00bbdefault\u00bb background_color=\u00bb#6894A2&#8243; custom_padding=\u00bb174px|||||\u00bb global_colors_info=\u00bb{}\u00bb][et_pb_row column_structure=\u00bb1_2,1_2&#8243; _builder_version=\u00bb4.27.0&#8243; _module_preset=\u00bbdefault\u00bb animation_style=\u00bbfade\u00bb global_colors_info=\u00bb{}\u00bb][et_pb_column type=\u00bb1_2&#8243; _builder_version=\u00bb4.27.0&#8243; _module_preset=\u00bbdefault\u00bb global_colors_info=\u00bb{}\u00bb][et_pb_text _builder_version=\u00bb4.24.1&#8243; _module_preset=\u00bbdefault\u00bb text_font=\u00bbRoboto|600|||||||\u00bb text_text_color=\u00bb#FFFFFF\u00bb text_font_size=\u00bb12px\u00bb text_letter_spacing=\u00bb2px\u00bb text_line_height=\u00bb1em\u00bb global_colors_info=\u00bb{}\u00bb]<\/p>\n<div class=\"flex-shrink-0 flex flex-col relative items-end\">\n<div class=\"pt-0\">\n<div class=\"gizmo-bot-avatar flex h-8 w-8 items-center justify-center overflow-hidden rounded-full\">\n<div class=\"relative p-1 rounded-sm flex items-center justify-center bg-token-main-surface-primary text-token-text-primary h-8 w-8\"><span>DISE\u00d1ADORA GR\u00c1FICA<\/span><\/div>\n<\/div>\n<\/div>\n<\/div>\n<p>[\/et_pb_text][et_pb_text _builder_version=\u00bb4.24.1&#8243; _module_preset=\u00bbdefault\u00bb header_3_font=\u00bbRoboto Condensed|700||on|||||\u00bb header_3_text_align=\u00bbleft\u00bb header_3_text_color=\u00bb#ffffff\u00bb header_3_font_size=\u00bb34px\u00bb header_3_letter_spacing=\u00bb-1px\u00bb header_3_line_height=\u00bb1.2em\u00bb custom_margin=\u00bb-5px||||false|false\u00bb custom_margin_tablet=\u00bb-15px||||false|false\u00bb custom_margin_phone=\u00bb-15px||||false|false\u00bb custom_margin_last_edited=\u00bbon|phone\u00bb header_3_font_size_tablet=\u00bb\u00bb header_3_font_size_phone=\u00bb30px\u00bb header_3_font_size_last_edited=\u00bbon|phone\u00bb global_colors_info=\u00bb{}\u00bb]<\/p>\n<h3><b>Sandra Feferbaum<\/b><\/h3>\n<p>[\/et_pb_text][et_pb_text _builder_version=\u00bb4.24.1&#8243; _module_preset=\u00bbdefault\u00bb text_font=\u00bbRoboto|300|||||||\u00bb text_text_color=\u00bbrgba(255, 255, 255, 0.8);\u00bb text_font_size=\u00bb16px\u00bb text_line_height=\u00bb1.8em\u00bb link_font=\u00bbRoboto||||||||\u00bb link_text_color=\u00bb#891F69&#8243; custom_margin=\u00bb-6px||||false|false\u00bb global_colors_info=\u00bb{}\u00bb]<\/p>\n<p><span style=\"font-weight: 400;\">Nacida en 1985 en Buenos Aires, Argentina, vive en Berl\u00edn desde 2014. Es activista por los derechos humanos, migrante, feminista, y profesionalmente es dise\u00f1adora gr\u00e1fica. Trabaja como aut\u00f3noma en diversas empresas, organizaciones y proyectos para los que desarrolla e implementa conceptos, aportando como inmigrante sus conocimientos interculturales. Tiene experiencia en el campo de la identidad corporativa, desarrollando los productos desde el concepto hasta el dise\u00f1o y haciendo la preparaci\u00f3n de la impresi\u00f3n. Tambi\u00e9n desarrolla el dise\u00f1o para posts de marketing. Ha realizado varios proyectos editoriales como en la producci\u00f3n de un libro para estudios de arquitectura, un cat\u00e1logo para una asociaci\u00f3n, un libro de fotos y ha desarrollado folletos y p\u00f3sters para obras de teatro. Dese el a\u00f1o 2018 trabaja junto a AQU\u00cd, dise\u00f1ando el logo y material gr\u00e1fico para distintas obras y talleres teatrales.<\/span><\/p>\n<p><span style=\"font-weight: 400;\">En AQUItheater se desarrolla como dise\u00f1adora gr\u00e1fica y es parte de la compa\u00f1\u00eda Ra\u00edces.\u00a0<\/span><\/p>\n<p><span style=\"font-weight: 400;\">Website: <\/span><a href=\"http:\/\/sandra-feferbaum.com\/\"><span style=\"font-weight: 400;\">sandra-feferbaum.com<\/span><\/a><\/p>\n<p>[\/et_pb_text][et_pb_social_media_follow _builder_version=\u00bb4.27.0&#8243; _module_preset=\u00bbdefault\u00bb hover_enabled=\u00bb0&#8243; global_colors_info=\u00bb{}\u00bb sticky_enabled=\u00bb0&#8243;][et_pb_social_media_follow_network social_network=\u00bbinstagram\u00bb url=\u00bbhttps:\/\/www.instagram.com\/sandra.graphicdesign\/\u00bb _builder_version=\u00bb4.27.0&#8243; _module_preset=\u00bbdefault\u00bb background_color=\u00bb#891F69&#8243; background_enable_color=\u00bbon\u00bb hover_enabled=\u00bb0&#8243; global_colors_info=\u00bb{}\u00bb follow_button=\u00bboff\u00bb url_new_window=\u00bbon\u00bb sticky_enabled=\u00bb0&#8243;]instagram[\/et_pb_social_media_follow_network][\/et_pb_social_media_follow][\/et_pb_column][et_pb_column type=\u00bb1_2&#8243; _builder_version=\u00bb4.27.0&#8243; _module_preset=\u00bbdefault\u00bb global_colors_info=\u00bb{}\u00bb][wdcl_image_carousel slide_count=\u00bb1&#8243; _builder_version=\u00bb4.27.0&#8243; _module_preset=\u00bbdefault\u00bb global_colors_info=\u00bb{}\u00bb][wdcl_image_carousel_child photo=\u00bbhttps:\/\/www.aquitheaterberlin.de\/wp-content\/uploads\/2024\/04\/Sandra-Feferbaum-2-scaled.jpg\u00bb _builder_version=\u00bb4.27.0&#8243; global_colors_info=\u00bb{}\u00bb][\/wdcl_image_carousel_child][wdcl_image_carousel_child photo=\u00bbhttps:\/\/www.aquitheaterberlin.de\/wp-content\/uploads\/2024\/08\/Sandra-Feferbaum-1-scaled.jpg\u00bb _builder_version=\u00bb4.27.0&#8243; global_colors_info=\u00bb{}\u00bb][\/wdcl_image_carousel_child][\/wdcl_image_carousel][\/et_pb_column][\/et_pb_row][\/et_pb_section]<\/p>\n","protected":false},"excerpt":{"rendered":"<p>DISE\u00d1ADORA GR\u00c1FICA Sandra FeferbaumNacida en 1985 en Buenos Aires, Argentina, vive en Berl\u00edn desde 2014. Es activista por los derechos humanos, migrante, feminista, y profesionalmente es dise\u00f1adora gr\u00e1fica. Trabaja como aut\u00f3noma en diversas empresas, organizaciones y proyectos para los que desarrolla e implementa conceptos, aportando como inmigrante sus conocimientos interculturales. Tiene experiencia en el campo [&hellip;]<\/p>\n","protected":false},"author":1,"featured_media":0,"parent":0,"menu_order":0,"comment_status":"closed","ping_status":"closed","template":"","meta":{"_et_pb_use_builder":"on","_et_pb_old_content":"","_et_gb_content_width":"","footnotes":""},"class_list":["post-88638","page","type-page","status-publish","hentry"],"_links":{"self":[{"href":"https:\/\/www.aquitheaterberlin.de\/de\/wp-json\/wp\/v2\/pages\/88638","targetHints":{"allow":["GET"]}}],"collection":[{"href":"https:\/\/www.aquitheaterberlin.de\/de\/wp-json\/wp\/v2\/pages"}],"about":[{"href":"https:\/\/www.aquitheaterberlin.de\/de\/wp-json\/wp\/v2\/types\/page"}],"author":[{"embeddable":true,"href":"https:\/\/www.aquitheaterberlin.de\/de\/wp-json\/wp\/v2\/users\/1"}],"replies":[{"embeddable":true,"href":"https:\/\/www.aquitheaterberlin.de\/de\/wp-json\/wp\/v2\/comments?post=88638"}],"version-history":[{"count":8,"href":"https:\/\/www.aquitheaterberlin.de\/de\/wp-json\/wp\/v2\/pages\/88638\/revisions"}],"predecessor-version":[{"id":88836,"href":"https:\/\/www.aquitheaterberlin.de\/de\/wp-json\/wp\/v2\/pages\/88638\/revisions\/88836"}],"wp:attachment":[{"href":"https:\/\/www.aquitheaterberlin.de\/de\/wp-json\/wp\/v2\/media?parent=88638"}],"curies":[{"name":"wp","href":"https:\/\/api.w.org\/{rel}","templated":true}]}}